{"id":170,"date":"2024-01-12T17:00:24","date_gmt":"2024-01-12T14:00:24","guid":{"rendered":"https:\/\/theme.madsparrow.me\/mokko\/?page_id=170"},"modified":"2025-05-09T04:45:40","modified_gmt":"2025-05-09T04:45:40","slug":"blog-list-thumb-random","status":"publish","type":"page","link":"https:\/\/noithatkiensang.vn\/en\/blog-list-thumb-random\/","title":{"rendered":"Blog List Thumb Random"},"content":{"rendered":"<div data-elementor-type=\"wp-page\" data-elementor-id=\"170\" class=\"elementor elementor-170\">\n\t\t\t\t<div class=\"elementor-element elementor-element-6629a87 e-flex e-con-boxed no e-con e-parent\" data-id=\"6629a87\" data-element_type=\"container\">\n\t\t\t\t\t<div class=\"e-con-inner\">\n\t\t\t\t<div class=\"elementor-element elementor-element-c606427 elementor-widget elementor-widget-ms_animated_headline\" data-id=\"c606427\" data-element_type=\"widget\" data-widget_type=\"ms_animated_headline.default\">\n\t\t\t\t<div class=\"elementor-widget-container\">\n\t\t\t\t\t\r\n        <div class=\"ms-ah-wrapper\">\r\n            <h1 class=\"content__title\" data-splitting data-effect1 data-scroll=\"off\">\r\n            \tLatest Stories            <\/h1>\r\n        <\/div>\r\n        \r\n    \t\t\t\t<\/div>\n\t\t\t\t<\/div>\n\t\t\t\t\t<\/div>\n\t\t\t\t<\/div>\n\t\t<div class=\"elementor-element elementor-element-d6ac13a e-flex e-con-boxed no e-con e-parent\" data-id=\"d6ac13a\" data-element_type=\"container\">\n\t\t\t\t\t<div class=\"e-con-inner\">\n\t\t<div class=\"elementor-element elementor-element-cb67bae e-con-full e-flex no e-con e-child\" data-id=\"cb67bae\" data-element_type=\"container\">\n\t\t\t\t<div class=\"elementor-element elementor-element-6a672ee elementor-widget elementor-widget-ms_posts\" data-id=\"6a672ee\" data-element_type=\"widget\" data-widget_type=\"ms_posts.default\">\n\t\t\t\t<div class=\"elementor-widget-container\">\n\t\t\t\t\t\t\t\r\n\t\t<div class=\"ms-posts--wrap\">\r\n\t\t\t<div class=\"ms-posts--list\" id=\"6a672ee\" data-order=\"order_3\">\r\n\r\n\t\t\t\t\t\r\n\r\n\t\t\t\t\t\t\r\n<article id=\"post-6182\" class=\"grid-item row post-6182 post type-post status-publish format-standard has-post-thumbnail hentry category-business\">\r\n\r\n           \r\n                    \r\n            <div class=\"col-lg-4 col-md-4 col-sm-12 pb-lg-0 pb-4 grid-item__thumb\">\r\n                \r\n        \r\n        \n\r\n\t\t\r\n    \r\n\n\n\t<a class=\"post-thumbnail\" href=\"https:\/\/noithatkiensang.vn\/en\/doi-net-ve-chung-toi\/\">\n\t\t<figure class=\"media-wrapper media-wrapper--16:9\">\n\t\t\t<img decoding=\"async\" src=\"https:\/\/noithatkiensang.vn\/wp-content\/uploads\/2025\/08\/5a-1290x684.jpg\" alt=\"\u0110\u00d4I N\u00c9T V\u1ec0 CH\u00daNG T\u00d4I\">\n\t\t<\/figure>\t\n\t<\/a>\n\n\r\n        <\/div>\r\n        \r\n\r\n\r\n            \r\n            <div class=\"col grid-item__content\">\r\n                \r\n<div class=\"post-content\">\r\n\r\n            \t\t\r\n\t<a href=\"https:\/\/noithatkiensang.vn\/en\/doi-net-ve-chung-toi\/\">\r\n\t\t<h2>\u0110\u00d4I N\u00c9T V\u1ec0 CH\u00daNG T\u00d4I<\/h2>\r\n\t<\/a>\r\n\r\n    <div class=\"post-meta-header\">\r\n\r\n        <div class=\"post-meta__info\">\r\n\r\n            <div class=\"card__header\">\r\n                <span class=\"post-meta__date\">Aug 14, 2025<\/span>\r\n                <span class=\"ms-p--ttr\">3 min read<\/span>\r\n            <\/div>\r\n\r\n        <\/div>\r\n\r\n    <\/div>\r\n\r\n\t<p class=\"post-excerpt\">N\u1ed9i Th\u1ea5t Ki\u1ebfn Sang l\u00e0 \u0111\u01a1n v\u1ecb chuy\u00ean nghi\u1ec7p trong l\u0129nh v\u1ef1c thi\u1ebft k\u1ebf, s\u1ea3n xu\u1ea5t v\u00e0 thi c\u00f4ng n\u1ed9i th\u1ea5t v\u1edbi nhi\u1ec1u n\u0103m [&hellip...<\/p>\r\n    <div class=\"post-category__list\"><span>Category:<\/span><a href=\"https:\/\/noithatkiensang.vn\/en\/category\/business\/\" rel=\"category tag\">Business<\/a><\/div>\r\n\r\n\t<div class=\"post-footer\">\r\n\r\n        <a href=\"https:\/\/noithatkiensang.vn\/en\/doi-net-ve-chung-toi\/\">\r\n            <span>Read Article<\/span>\r\n        <\/a>\r\n\r\n\t<\/div>\r\n\r\n<\/div>            <\/div>\r\n            \r\n        \r\n    \r\n<\/article>\r\n\t\t\t\t\t\r\n\r\n\t\t\t\t\t\t\r\n<article id=\"post-5023\" class=\"grid-item row post-5023 post type-post status-publish format-standard has-post-thumbnail hentry category-fashion\">\r\n\r\n           \r\n                    \r\n            <div class=\"col-lg-4 col-md-4 col-sm-12 pb-lg-0 pb-4 grid-item__thumb\">\r\n                \r\n        \r\n        \n\r\n\t\t\r\n    \r\n\n\n\t<a class=\"post-thumbnail\" href=\"https:\/\/noithatkiensang.vn\/en\/thi-cong-can-ho-83m2-rung-co-kdt-ecopark\/\">\n\t\t<figure class=\"media-wrapper media-wrapper--16:9\">\n\t\t\t<img decoding=\"async\" src=\"https:\/\/noithatkiensang.vn\/wp-content\/uploads\/2025\/06\/z6736262241149_11ec8295179eecb7c5a8e898d5af43f8-1290x684.jpg\" alt=\"Thi c\u00f4ng c\u0103n h\u1ed9 83m2 R\u1eebng C\u1ecd &#8211; K\u0110T Ecopark\">\n\t\t<\/figure>\t\n\t<\/a>\n\n\r\n        <\/div>\r\n        \r\n\r\n\r\n            \r\n            <div class=\"col grid-item__content\">\r\n                \r\n<div class=\"post-content\">\r\n\r\n            \t\t\r\n\t<a href=\"https:\/\/noithatkiensang.vn\/en\/thi-cong-can-ho-83m2-rung-co-kdt-ecopark\/\">\r\n\t\t<h2>Thi c\u00f4ng c\u0103n h\u1ed9 83m2 R\u1eebng C\u1ecd &#8211; K\u0110T Ecopark<\/h2>\r\n\t<\/a>\r\n\r\n    <div class=\"post-meta-header\">\r\n\r\n        <div class=\"post-meta__info\">\r\n\r\n            <div class=\"card__header\">\r\n                <span class=\"post-meta__date\">Jun 28, 2025<\/span>\r\n                <span class=\"ms-p--ttr\">1 min read<\/span>\r\n            <\/div>\r\n\r\n        <\/div>\r\n\r\n    <\/div>\r\n\r\n\t<p class=\"post-excerpt\">V\u1edbi nhu c\u1ea7u \u0111\u01a1n gi\u1ea3n v\u00e0 ch\u1ec9 c\u1ea7n \u0111\u1ea7y \u0111\u1ee7 c\u00f4ng n\u0103ng c\u1ea7n thi\u1ebft c\u1ee7a gia ch\u1ee7, n\u1ed9i th\u1ea5t c\u0103n h\u1ed9 A1 R\u1eebng C\u1ecd [&hellip;]...<\/p>\r\n    <div class=\"post-category__list\"><span>Category:<\/span><a href=\"https:\/\/noithatkiensang.vn\/en\/category\/fashion\/\" rel=\"category tag\">Fashion<\/a><\/div>\r\n\r\n\t<div class=\"post-footer\">\r\n\r\n        <a href=\"https:\/\/noithatkiensang.vn\/en\/thi-cong-can-ho-83m2-rung-co-kdt-ecopark\/\">\r\n            <span>Read Article<\/span>\r\n        <\/a>\r\n\r\n\t<\/div>\r\n\r\n<\/div>            <\/div>\r\n            \r\n        \r\n    \r\n<\/article>\r\n\t\t\t\t\t\r\n                    \r\n\t\t            \t        \t\t\t\t\t            \t\t\t<\/div>\r\n\t\t<\/div>\r\n\t\t\t\t\t\t<\/div>\n\t\t\t\t<\/div>\n\t\t\t\t<\/div>\n\t\t<div class=\"elementor-element elementor-element-5e320bf e-con-full e-flex no e-con e-child\" data-id=\"5e320bf\" data-element_type=\"container\">\n\t\t\t\t<div class=\"elementor-element elementor-element-9316b34 elementor-widget elementor-widget-ms-sidebar\" data-id=\"9316b34\" data-element_type=\"widget\" data-widget_type=\"ms-sidebar.default\">\n\t\t\t\t<div class=\"elementor-widget-container\">\n\t\t\t\t\t\r\n\t\t<div class=\"ms-sidebar\"><aside id=\"block-2\" class=\"widget_block widget_search\"><form role=\"search\" method=\"get\" action=\"https:\/\/noithatkiensang.vn\/en\/\" class=\"wp-block-search__button-outside wp-block-search__text-button wp-block-search\" data-trp-original-action=\"https:\/\/noithatkiensang.vn\/en\/\"    ><label class=\"wp-block-search__label\" for=\"wp-block-search__input-1\" >Search<\/label><div class=\"wp-block-search__inside-wrapper\" ><input class=\"wp-block-search__input\" id=\"wp-block-search__input-1\" placeholder=\"\" value=\"\" type=\"search\" name=\"s\" required \/><button aria-label=\"Search\" class=\"wp-block-search__button wp-element-button\" type=\"submit\" >Search<\/button><\/div><input type=\"hidden\" name=\"trp-form-language\" value=\"en\"\/><\/form><\/aside><aside id=\"block-3\" class=\"widget_block\"><div class=\"wp-block-group\"><div class=\"wp-block-group__inner-container is-layout-flow wp-block-group-is-layout-flow\"><h2 class=\"wp-block-heading\">B\u00e0i vi\u1ebft m\u1edbi<\/h2><ul class=\"wp-block-latest-posts__list wp-block-latest-posts\"><li><a class=\"wp-block-latest-posts__post-title\" href=\"https:\/\/noithatkiensang.vn\/en\/doi-net-ve-chung-toi\/\">\u0110\u00d4I N\u00c9T V\u1ec0 CH\u00daNG T\u00d4I<\/a><\/li>\n<li><a class=\"wp-block-latest-posts__post-title\" href=\"https:\/\/noithatkiensang.vn\/en\/thi-cong-can-ho-83m2-rung-co-kdt-ecopark\/\">Thi c\u00f4ng c\u0103n h\u1ed9 83m2 R\u1eebng C\u1ecd &#8211; K\u0110T Ecopark<\/a><\/li>\n<\/ul><\/div><\/div><\/aside><aside id=\"block-4\" class=\"widget_block\"><div class=\"wp-block-group\"><div class=\"wp-block-group__inner-container is-layout-flow wp-block-group-is-layout-flow\"><h2 class=\"wp-block-heading\">B\u00ecnh lu\u1eadn g\u1ea7n \u0111\u00e2y<\/h2><div class=\"no-comments wp-block-latest-comments\">No comments to show.<\/div><\/div><\/div><\/aside>        <aside class=\"ms_widget_recent_posts\">\r\n                <div class=\"text-divider\"><h5>Recent Posts<\/h5><\/div>        <ul>\r\n                    <li class=\"recent-post\">\r\n                <a href=\"https:\/\/noithatkiensang.vn\/en\/doi-net-ve-chung-toi\/\">\r\n                                        <div class=\"post-image\">\r\n                        <div class=\"ms-p-arrow\">\r\n                            <svg class=\"ms-btt-arrow\" enable-background=\"new 0 0 96 96\" height=\"96px\" version=\"1.1\" viewbox=\"0 0 96 96\" width=\"96px\" xml:space=\"preserve\" xmlns=\"http:\/\/www.w3.org\/2000\/svg\" xmlns:xlink=\"http:\/\/www.w3.org\/1999\/xlink\">\r\n                                <path d=\"M52,84V21.656l21.457,21.456c1.561,1.562,4.095,1.562,5.656,0.001c1.562-1.562,1.562-4.096,0-5.658L50.829,9.172l0,0  c-0.186-0.186-0.391-0.352-0.609-0.498c-0.101-0.067-0.21-0.114-0.315-0.172c-0.124-0.066-0.242-0.142-0.373-0.195  c-0.135-0.057-0.275-0.089-0.415-0.129c-0.111-0.033-0.216-0.076-0.331-0.099C48.527,8.027,48.264,8,48.001,8l0,0  c-0.003,0-0.006,0.001-0.009,0.001c-0.259,0.001-0.519,0.027-0.774,0.078c-0.12,0.024-0.231,0.069-0.349,0.104  c-0.133,0.039-0.268,0.069-0.397,0.123c-0.139,0.058-0.265,0.136-0.396,0.208c-0.098,0.054-0.198,0.097-0.292,0.159  c-0.221,0.146-0.427,0.314-0.614,0.501L16.889,37.456c-1.562,1.562-1.562,4.095-0.001,5.657c1.562,1.562,4.094,1.562,5.658,0  L44,21.657V84c0,2.209,1.791,4,4,4S52,86.209,52,84z\"><\/path>\r\n                            <\/svg>\r\n                        <\/div>\r\n                        <img decoding=\"async\" width=\"90\" height=\"90\" src=\"https:\/\/noithatkiensang.vn\/wp-content\/uploads\/2025\/08\/5a-90x90.jpg\" class=\"attachment-mokko-recent-post-thumb size-mokko-recent-post-thumb wp-post-image\" alt=\"\u0110\u00d4I N\u00c9T V\u1ec0 CH\u00daNG T\u00d4I\" srcset=\"https:\/\/noithatkiensang.vn\/wp-content\/uploads\/2025\/08\/5a-90x90.jpg 90w, https:\/\/noithatkiensang.vn\/wp-content\/uploads\/2025\/08\/5a-150x150.jpg 150w, https:\/\/noithatkiensang.vn\/wp-content\/uploads\/2025\/08\/5a-420x420.jpg 420w\" sizes=\"(max-width: 90px) 100vw, 90px\" \/>                    <\/div>\r\n                                        <div class=\"recent-post__info\">\r\n                        \u0110\u00d4I N\u00c9T V\u1ec0 CH\u00daNG T\u00d4I                                                    <span class=\"post-date\">Aug 14, 2025<\/span>\r\n                                            <\/div>\r\n                <\/a>\r\n            <\/li>\r\n                    <li class=\"recent-post\">\r\n                <a href=\"https:\/\/noithatkiensang.vn\/en\/thi-cong-can-ho-83m2-rung-co-kdt-ecopark\/\">\r\n                                        <div class=\"post-image\">\r\n                        <div class=\"ms-p-arrow\">\r\n                            <svg class=\"ms-btt-arrow\" enable-background=\"new 0 0 96 96\" height=\"96px\" version=\"1.1\" viewbox=\"0 0 96 96\" width=\"96px\" xml:space=\"preserve\" xmlns=\"http:\/\/www.w3.org\/2000\/svg\" xmlns:xlink=\"http:\/\/www.w3.org\/1999\/xlink\">\r\n                                <path d=\"M52,84V21.656l21.457,21.456c1.561,1.562,4.095,1.562,5.656,0.001c1.562-1.562,1.562-4.096,0-5.658L50.829,9.172l0,0  c-0.186-0.186-0.391-0.352-0.609-0.498c-0.101-0.067-0.21-0.114-0.315-0.172c-0.124-0.066-0.242-0.142-0.373-0.195  c-0.135-0.057-0.275-0.089-0.415-0.129c-0.111-0.033-0.216-0.076-0.331-0.099C48.527,8.027,48.264,8,48.001,8l0,0  c-0.003,0-0.006,0.001-0.009,0.001c-0.259,0.001-0.519,0.027-0.774,0.078c-0.12,0.024-0.231,0.069-0.349,0.104  c-0.133,0.039-0.268,0.069-0.397,0.123c-0.139,0.058-0.265,0.136-0.396,0.208c-0.098,0.054-0.198,0.097-0.292,0.159  c-0.221,0.146-0.427,0.314-0.614,0.501L16.889,37.456c-1.562,1.562-1.562,4.095-0.001,5.657c1.562,1.562,4.094,1.562,5.658,0  L44,21.657V84c0,2.209,1.791,4,4,4S52,86.209,52,84z\"><\/path>\r\n                            <\/svg>\r\n                        <\/div>\r\n                        <img decoding=\"async\" width=\"90\" height=\"90\" src=\"https:\/\/noithatkiensang.vn\/wp-content\/uploads\/2025\/06\/z6736262241149_11ec8295179eecb7c5a8e898d5af43f8-90x90.jpg\" class=\"attachment-mokko-recent-post-thumb size-mokko-recent-post-thumb wp-post-image\" alt=\"Thi c\u00f4ng c\u0103n h\u1ed9 83m2 R\u1eebng C\u1ecd &#8211; K\u0110T Ecopark\" srcset=\"https:\/\/noithatkiensang.vn\/wp-content\/uploads\/2025\/06\/z6736262241149_11ec8295179eecb7c5a8e898d5af43f8-90x90.jpg 90w, https:\/\/noithatkiensang.vn\/wp-content\/uploads\/2025\/06\/z6736262241149_11ec8295179eecb7c5a8e898d5af43f8-150x150.jpg 150w, https:\/\/noithatkiensang.vn\/wp-content\/uploads\/2025\/06\/z6736262241149_11ec8295179eecb7c5a8e898d5af43f8-420x420.jpg 420w\" sizes=\"(max-width: 90px) 100vw, 90px\" \/>                    <\/div>\r\n                                        <div class=\"recent-post__info\">\r\n                        Thi c\u00f4ng c\u0103n h\u1ed9 83m2 R\u1eebng C\u1ecd &#8211; K\u0110T Ecopark                                                    <span class=\"post-date\">Jun 28, 2025<\/span>\r\n                                            <\/div>\r\n                <\/a>\r\n            <\/li>\r\n                <\/ul>\r\n                        <\/aside>\r\n    <aside id=\"categories-1\" class=\"widget_categories\"><div class=\"text-divider\"><h5>Categories<\/h5><\/div>\n\t\t\t<ul>\n\t\t\t\t\t<li class=\"cat-item cat-item-2\"><a href=\"https:\/\/noithatkiensang.vn\/en\/category\/business\/\">Business<\/a>\n<\/li>\n\t<li class=\"cat-item cat-item-3\"><a href=\"https:\/\/noithatkiensang.vn\/en\/category\/fashion\/\">Fashion<\/a>\n<\/li>\n\t\t\t<\/ul>\n\n\t\t\t<\/aside><aside id=\"mc4wp_form_widget-1\" class=\"widget_mc4wp_form_widget\"><div class=\"text-divider\"><h5>Tin T\u1ee9c M\u1edbi<\/h5><\/div><\/aside><\/div>\r\n\t \t\t\t\t<\/div>\n\t\t\t\t<\/div>\n\t\t\t\t<\/div>\n\t\t\t\t\t<\/div>\n\t\t\t\t<\/div>\n\t\t\t\t<\/div>","protected":false},"excerpt":{"rendered":"<p>Latest Stories Visualizing Data: A Deep Dive into AI 06.01.2024 4 min read In the vast expanse of the digital age, data has become [&hellip;]<\/p>","protected":false},"author":1,"featured_media":0,"parent":0,"menu_order":0,"comment_status":"closed","ping_status":"closed","template":"page-custom.php","meta":{"_acf_changed":false,"footnotes":""},"class_list":["post-170","page","type-page","status-publish","hentry"],"acf":{"choi\u0441e_menu_page":false,"full_width":false,"header_transparent":false,"header_white":false,"menu_type_page":"default","menu_align_page":"default"},"_links":{"self":[{"href":"https:\/\/noithatkiensang.vn\/en\/wp-json\/wp\/v2\/pages\/170","targetHints":{"allow":["GET"]}}],"collection":[{"href":"https:\/\/noithatkiensang.vn\/en\/wp-json\/wp\/v2\/pages"}],"about":[{"href":"https:\/\/noithatkiensang.vn\/en\/wp-json\/wp\/v2\/types\/page"}],"author":[{"embeddable":true,"href":"https:\/\/noithatkiensang.vn\/en\/wp-json\/wp\/v2\/users\/1"}],"replies":[{"embeddable":true,"href":"https:\/\/noithatkiensang.vn\/en\/wp-json\/wp\/v2\/comments?post=170"}],"version-history":[{"count":1,"href":"https:\/\/noithatkiensang.vn\/en\/wp-json\/wp\/v2\/pages\/170\/revisions"}],"predecessor-version":[{"id":4754,"href":"https:\/\/noithatkiensang.vn\/en\/wp-json\/wp\/v2\/pages\/170\/revisions\/4754"}],"wp:attachment":[{"href":"https:\/\/noithatkiensang.vn\/en\/wp-json\/wp\/v2\/media?parent=170"}],"curies":[{"name":"wp","href":"https:\/\/api.w.org\/{rel}","templated":true}]}}